{"id":8,"date":"2020-06-10T14:05:59","date_gmt":"2020-06-10T12:05:59","guid":{"rendered":"https:\/\/kofm.pl\/?page_id=8"},"modified":"2020-07-01T16:38:00","modified_gmt":"2020-07-01T14:38:00","slug":"strona-glowna","status":"publish","type":"page","link":"https:\/\/kofm.pl\/","title":{"rendered":"Witamy!"},"content":{"rendered":"\n<p>Witamy w serwisie KofM, kt\u00f3ry aktywnie opisuje i wspiera dzia\u0142alno\u015b\u0107 artystyczn\u0105 Krzysztofa Misiaka.<\/p>\n","protected":false},"excerpt":{"rendered":"<p>Witamy w serwisie KofM, kt\u00f3ry aktywnie opisuje i wspiera dzia\u0142alno\u015b\u0107 artystyczn\u0105 Krzysztofa Misiaka.<\/p>\n","protected":false},"author":1,"featured_media":0,"parent":11,"menu_order":1,"comment_status":"closed","ping_status":"closed","template":"","meta":{"footnotes":""},"class_list":["post-8","page","type-page","status-publish","hentry"],"_links":{"self":[{"href":"https:\/\/kofm.pl\/index.php?rest_route=\/wp\/v2\/pages\/8","targetHints":{"allow":["GET"]}}],"collection":[{"href":"https:\/\/kofm.pl\/index.php?rest_route=\/wp\/v2\/pages"}],"about":[{"href":"https:\/\/kofm.pl\/index.php?rest_route=\/wp\/v2\/types\/page"}],"author":[{"embeddable":true,"href":"https:\/\/kofm.pl\/index.php?rest_route=\/wp\/v2\/users\/1"}],"replies":[{"embeddable":true,"href":"https:\/\/kofm.pl\/index.php?rest_route=%2Fwp%2Fv2%2Fcomments&post=8"}],"version-history":[{"count":2,"href":"https:\/\/kofm.pl\/index.php?rest_route=\/wp\/v2\/pages\/8\/revisions"}],"predecessor-version":[{"id":61,"href":"https:\/\/kofm.pl\/index.php?rest_route=\/wp\/v2\/pages\/8\/revisions\/61"}],"up":[{"embeddable":true,"href":"https:\/\/kofm.pl\/index.php?rest_route=\/wp\/v2\/pages\/11"}],"wp:attachment":[{"href":"https:\/\/kofm.pl\/index.php?rest_route=%2Fwp%2Fv2%2Fmedia&parent=8"}],"curies":[{"name":"wp","href":"https:\/\/api.w.org\/{rel}","templated":true}]}}