{"id":396,"date":"2020-10-30T10:02:53","date_gmt":"2020-10-30T09:02:53","guid":{"rendered":"https:\/\/kofm.pl\/?page_id=396"},"modified":"2020-10-30T10:52:21","modified_gmt":"2020-10-30T09:52:21","slug":"wspoltworzyl","status":"publish","type":"page","link":"https:\/\/kofm.pl\/?page_id=396","title":{"rendered":"Wsp\u00f3\u0142tworzy\u0142&#8230;"},"content":{"rendered":"\n<h1 class=\"has-text-align-center wp-block-heading\">3 JAZZ SOLDIERS<br>OD\u0141AMKOWA<\/h1>\n\n\n\n<div class=\"wp-block-image\"><figure class=\"aligncenter size-large\"><img loading=\"lazy\" decoding=\"async\" width=\"419\" height=\"371\" src=\"https:\/\/kofm.pl\/wp-content\/uploads\/2020\/10\/odlamkowa.jpg\" alt=\"\" class=\"wp-image-397\" srcset=\"https:\/\/kofm.pl\/wp-content\/uploads\/2020\/10\/odlamkowa.jpg 419w, https:\/\/kofm.pl\/wp-content\/uploads\/2020\/10\/odlamkowa-300x266.jpg 300w\" sizes=\"auto, (max-width: 419px) 100vw, 419px\" \/><\/figure><\/div>\n\n\n\n<p>Debiutancki album formacji  3 Jazz Soldiers (Krzysztof Misiak, Grzegorz Grzyb, Filip Sojka) pt. Od\u0142amkowa ukaza\u0142 si\u0119 w 2012 roku nak\u0142adem mkm. P\u0142yta zawiera autorskie aran\u017cacje standard\u00f3w rockowych i jazzowych fusion (\u201eSummertime\u201d, \u201eNorwegian Wood\u201d, \u201eLittle Wing\u201d), jak i w\u0142asne kompozycje (\u201eKr\u00f3l Kanapy:\u201d, \u201eRyba, R\u0119cznik\u201d, \u201eBlues 816\u201d, \u201eWykryto Niepewne Prawid\u0142owo\u015bci\u201d)<\/p>\n\n\n\n<h1 class=\"has-text-align-center wp-block-heading\">CHYLI\u0143SKA<br>WINNA<\/h1>\n\n\n\n<div class=\"wp-block-image\"><figure class=\"aligncenter size-large\"><img loading=\"lazy\" decoding=\"async\" width=\"419\" height=\"419\" src=\"https:\/\/kofm.pl\/wp-content\/uploads\/2020\/10\/winna.jpg\" alt=\"\" class=\"wp-image-398\" srcset=\"https:\/\/kofm.pl\/wp-content\/uploads\/2020\/10\/winna.jpg 419w, https:\/\/kofm.pl\/wp-content\/uploads\/2020\/10\/winna-300x300.jpg 300w, https:\/\/kofm.pl\/wp-content\/uploads\/2020\/10\/winna-150x150.jpg 150w, https:\/\/kofm.pl\/wp-content\/uploads\/2020\/10\/winna-100x100.jpg 100w\" sizes=\"auto, (max-width: 419px) 100vw, 419px\" \/><\/figure><\/div>\n\n\n\n<p>Jedyny album studyjny formacji Chyli\u0144ska (Agnieszka Chyli\u0144ska, Zbigniew Kraszewski, Krzysztof Misiak, Wojciech Horny, Dariusz Osi\u0144ski) . Wydawnictwo ukaza\u0142o si\u0119 22 marca 2004 roku nak\u0142adem wytw\u00f3rni muzycznej Pomaton EMI. P\u0142yta dotar\u0142a do 2. miejsca listy OLiS w Polsce. Piosenki wybrane na single promuj\u0105ce album to: \u201eWinna\u201d, \u201eNiczyja\u201d, \u201eZmys\u0142owa\u201d, do kt\u00f3rych powsta\u0142y teledyski<\/p>\n","protected":false},"excerpt":{"rendered":"<p>3 JAZZ SOLDIERSOD\u0141AMKOWA Debiutancki album formacji 3 Jazz Soldiers (Krzysztof Misiak, Grzegorz Grzyb, Filip Sojka) pt. Od\u0142amkowa ukaza\u0142 si\u0119 w 2012 roku nak\u0142adem mkm. P\u0142yta zawiera autorskie aran\u017cacje standard\u00f3w rockowych i jazzowych fusion (\u201eSummertime\u201d, \u201eNorwegian Wood\u201d, \u201eLittle Wing\u201d), jak i w\u0142asne kompozycje (\u201eKr\u00f3l Kanapy:\u201d, \u201eRyba, R\u0119cznik\u201d, \u201eBlues 816\u201d, \u201eWykryto Niepewne Prawid\u0142owo\u015bci\u201d) CHYLI\u0143SKAWINNA Jedyny album studyjny &hellip; <\/p>\n<p class=\"link-more\"><a href=\"https:\/\/kofm.pl\/?page_id=396\" class=\"more-link\">Czytaj dalej<span class=\"screen-reader-text\"> \u201eWsp\u00f3\u0142tworzy\u0142&#8230;\u201d<\/span><\/a><\/p>\n","protected":false},"author":1,"featured_media":0,"parent":136,"menu_order":2000,"comment_status":"closed","ping_status":"closed","template":"","meta":{"footnotes":""},"class_list":["post-396","page","type-page","status-publish","hentry"],"_links":{"self":[{"href":"https:\/\/kofm.pl\/index.php?rest_route=\/wp\/v2\/pages\/396","targetHints":{"allow":["GET"]}}],"collection":[{"href":"https:\/\/kofm.pl\/index.php?rest_route=\/wp\/v2\/pages"}],"about":[{"href":"https:\/\/kofm.pl\/index.php?rest_route=\/wp\/v2\/types\/page"}],"author":[{"embeddable":true,"href":"https:\/\/kofm.pl\/index.php?rest_route=\/wp\/v2\/users\/1"}],"replies":[{"embeddable":true,"href":"https:\/\/kofm.pl\/index.php?rest_route=%2Fwp%2Fv2%2Fcomments&post=396"}],"version-history":[{"count":3,"href":"https:\/\/kofm.pl\/index.php?rest_route=\/wp\/v2\/pages\/396\/revisions"}],"predecessor-version":[{"id":409,"href":"https:\/\/kofm.pl\/index.php?rest_route=\/wp\/v2\/pages\/396\/revisions\/409"}],"up":[{"embeddable":true,"href":"https:\/\/kofm.pl\/index.php?rest_route=\/wp\/v2\/pages\/136"}],"wp:attachment":[{"href":"https:\/\/kofm.pl\/index.php?rest_route=%2Fwp%2Fv2%2Fmedia&parent=396"}],"curies":[{"name":"wp","href":"https:\/\/api.w.org\/{rel}","templated":true}]}}