{"id":387,"date":"2020-09-06T21:08:08","date_gmt":"2020-09-06T19:08:08","guid":{"rendered":"https:\/\/kofm.pl\/?page_id=387"},"modified":"2020-09-06T21:13:06","modified_gmt":"2020-09-06T19:13:06","slug":"s-o-s-telegramy","status":"publish","type":"page","link":"https:\/\/kofm.pl\/?page_id=387","title":{"rendered":"S.O.S. &#8211; Telegramy"},"content":{"rendered":"\n<div class=\"wp-block-image\"><figure class=\"aligncenter size-large\"><img loading=\"lazy\" decoding=\"async\" width=\"332\" height=\"539\" src=\"https:\/\/kofm.pl\/wp-content\/uploads\/2020\/09\/SOS_telegramy.jpg\" alt=\"\" class=\"wp-image-388\" srcset=\"https:\/\/kofm.pl\/wp-content\/uploads\/2020\/09\/SOS_telegramy.jpg 332w, https:\/\/kofm.pl\/wp-content\/uploads\/2020\/09\/SOS_telegramy-185x300.jpg 185w\" sizes=\"auto, (max-width: 332px) 100vw, 332px\" \/><\/figure><\/div>\n\n\n\n<figure class=\"wp-block-table\"><table><tbody><tr><td class=\"has-text-align-right\" data-align=\"right\">1.<\/td><td>630010<\/td><\/tr><tr><td class=\"has-text-align-right\" data-align=\"right\">2.<\/td><td>Ostatnia<\/td><\/tr><tr><td class=\"has-text-align-right\" data-align=\"right\">3.<\/td><td>Whisky na ska\u0142ach<\/td><\/tr><tr><td class=\"has-text-align-right\" data-align=\"right\">4.<\/td><td>Odjazdowa<\/td><\/tr><tr><td class=\"has-text-align-right\" data-align=\"right\">5.<\/td><td>Funkowa<\/td><\/tr><tr><td class=\"has-text-align-right\" data-align=\"right\">6.<\/td><td>Ksi\u0119\u017cycowa<\/td><\/tr><tr><td class=\"has-text-align-right\" data-align=\"right\">7.<\/td><td>Schody<\/td><\/tr><tr><td class=\"has-text-align-right\" data-align=\"right\">8.<\/td><td>Klimatyczna<\/td><\/tr><tr><td class=\"has-text-align-right\" data-align=\"right\">9.<\/td><td>Sympatyczna<\/td><\/tr><\/tbody><\/table><\/figure>\n\n\n\n<p>Debiutanckie wydawnictwo projektu pod nazw\u0105 S.O.S. (System Of Survival &#8211; Spos\u00f3b Na Przetrwanie). Mieszanka rocka i troch\u0119 funky, gdzie raczej pierwsze skrzypce gra gitara. Powoli rodzi si\u0119 styl Hate Jazz. Ludziom podobno wci\u0105z podoba si\u0119 ta p\u0142yta, to mi\u0142e. Jest duzo emocjonalnego grania.<\/p>\n","protected":false},"excerpt":{"rendered":"<p>1. 630010 2. Ostatnia 3. Whisky na ska\u0142ach 4. Odjazdowa 5. Funkowa 6. Ksi\u0119\u017cycowa 7. Schody 8. Klimatyczna 9. Sympatyczna Debiutanckie wydawnictwo projektu pod nazw\u0105 S.O.S. (System Of Survival &#8211; Spos\u00f3b Na Przetrwanie). Mieszanka rocka i troch\u0119 funky, gdzie raczej pierwsze skrzypce gra gitara. Powoli rodzi si\u0119 styl Hate Jazz. Ludziom podobno wci\u0105z podoba si\u0119 &hellip; <\/p>\n<p class=\"link-more\"><a href=\"https:\/\/kofm.pl\/?page_id=387\" class=\"more-link\">Czytaj dalej<span class=\"screen-reader-text\"> \u201eS.O.S. &#8211; Telegramy\u201d<\/span><\/a><\/p>\n","protected":false},"author":1,"featured_media":0,"parent":136,"menu_order":125,"comment_status":"closed","ping_status":"closed","template":"","meta":{"footnotes":""},"class_list":["post-387","page","type-page","status-publish","hentry"],"_links":{"self":[{"href":"https:\/\/kofm.pl\/index.php?rest_route=\/wp\/v2\/pages\/387","targetHints":{"allow":["GET"]}}],"collection":[{"href":"https:\/\/kofm.pl\/index.php?rest_route=\/wp\/v2\/pages"}],"about":[{"href":"https:\/\/kofm.pl\/index.php?rest_route=\/wp\/v2\/types\/page"}],"author":[{"embeddable":true,"href":"https:\/\/kofm.pl\/index.php?rest_route=\/wp\/v2\/users\/1"}],"replies":[{"embeddable":true,"href":"https:\/\/kofm.pl\/index.php?rest_route=%2Fwp%2Fv2%2Fcomments&post=387"}],"version-history":[{"count":3,"href":"https:\/\/kofm.pl\/index.php?rest_route=\/wp\/v2\/pages\/387\/revisions"}],"predecessor-version":[{"id":392,"href":"https:\/\/kofm.pl\/index.php?rest_route=\/wp\/v2\/pages\/387\/revisions\/392"}],"up":[{"embeddable":true,"href":"https:\/\/kofm.pl\/index.php?rest_route=\/wp\/v2\/pages\/136"}],"wp:attachment":[{"href":"https:\/\/kofm.pl\/index.php?rest_route=%2Fwp%2Fv2%2Fmedia&parent=387"}],"curies":[{"name":"wp","href":"https:\/\/api.w.org\/{rel}","templated":true}]}}