{"id":339,"date":"2020-08-28T13:16:47","date_gmt":"2020-08-28T11:16:47","guid":{"rendered":"https:\/\/kofm.pl\/?page_id=339"},"modified":"2020-08-28T15:08:48","modified_gmt":"2020-08-28T13:08:48","slug":"krzyszt-of-misiak-wyjatkowo-kulturalny-weekend","status":"publish","type":"page","link":"https:\/\/kofm.pl\/?page_id=339","title":{"rendered":"Krzyszt of Misiak &#8211; Wyj\u0105tkowo Kulturalny Weekend"},"content":{"rendered":"\n<div class=\"wp-block-image\"><figure class=\"aligncenter size-large\"><img loading=\"lazy\" decoding=\"async\" width=\"419\" height=\"424\" src=\"https:\/\/kofm.pl\/wp-content\/uploads\/2020\/08\/K-of-M-wyjatkowo_kulturalny_weekend.jpg\" alt=\"\" class=\"wp-image-341\" srcset=\"https:\/\/kofm.pl\/wp-content\/uploads\/2020\/08\/K-of-M-wyjatkowo_kulturalny_weekend.jpg 419w, https:\/\/kofm.pl\/wp-content\/uploads\/2020\/08\/K-of-M-wyjatkowo_kulturalny_weekend-296x300.jpg 296w, https:\/\/kofm.pl\/wp-content\/uploads\/2020\/08\/K-of-M-wyjatkowo_kulturalny_weekend-100x100.jpg 100w\" sizes=\"auto, (max-width: 419px) 100vw, 419px\" \/><\/figure><\/div>\n\n\n\n<figure class=\"wp-block-table\"><table><tbody><tr><td class=\"has-text-align-right\" data-align=\"right\">1.<\/td><td>Biuro Prezesa [Chairman\u2019s Office] (K. Misiak)<\/td><td class=\"has-text-align-right\" data-align=\"right\">5:47<\/td><\/tr><tr><td class=\"has-text-align-right\" data-align=\"right\">2.<\/td><td>Kulturalny Weekend [Cultured Weekend] (K. Misiak)<br>feat. Dave Latchaw &#8211; synthesizer solo,<br>Zbigniew \u017buk &#8211; voice, Alicja \u0141ukaszewska &#8211; voice<\/td><td class=\"has-text-align-right\" data-align=\"right\">4:26<\/td><\/tr><tr><td class=\"has-text-align-right\" data-align=\"right\">3.<\/td><td>M\u0119tny Deal [Murky Deal] (K. Misiak)<\/td><td class=\"has-text-align-right\" data-align=\"right\">4:44<\/td><\/tr><tr><td class=\"has-text-align-right\" data-align=\"right\">4.<\/td><td>Ca\u0142owali si\u0119 na Tumskiej<br>[They Were Kissing On Tumska Street] (K. Misiak)<br>feat. Bartosz \u0141\u0119czycki &#8211; harp<\/td><td class=\"has-text-align-right\" data-align=\"right\">4:07<\/td><\/tr><tr><td class=\"has-text-align-right\" data-align=\"right\">5.<\/td><td>Maszyna Losuj\u0105ca [Lottery Machine] (K. Misiak)<\/td><td class=\"has-text-align-right\" data-align=\"right\">5:20<\/td><\/tr><tr><td class=\"has-text-align-right\" data-align=\"right\">6.<\/td><td>Ani Be, ani Ce [Neither Bb nor C] (K. Misiak)<\/td><td class=\"has-text-align-right\" data-align=\"right\">3:45<\/td><\/tr><tr><td class=\"has-text-align-right\" data-align=\"right\">7.<\/td><td>Kl\u0119ska Urodzaju [Bumper Crop] (K. Misiak)<br>feat. Zbigniew \u017buk &#8211; voice<\/td><td class=\"has-text-align-right\" data-align=\"right\">4:34<\/td><\/tr><tr><td class=\"has-text-align-right\" data-align=\"right\">8.<\/td><td>No Zaiks Dream (K. Misiak).<br>feat. Krzysztof \u015aciera\u0144ski &#8211; bass synthesized solo,<br>Piotr Kelm &#8211; violin, Zbigniew \u017buk &#8211; voice<\/td><td class=\"has-text-align-right\" data-align=\"right\">5:40<\/td><\/tr><tr><td class=\"has-text-align-right\" data-align=\"right\">9.<\/td><td>Grypa 2000 [Flue of 2000 AD] (K. Misiak)<\/td><td class=\"has-text-align-right\" data-align=\"right\">4:38<\/td><\/tr><tr><td class=\"has-text-align-right\" data-align=\"right\">10.<\/td><td>Marszobieg [MarchRunning] (K. Misiak)<\/td><td class=\"has-text-align-right\" data-align=\"right\">5:06<\/td><\/tr><tr><td class=\"has-text-align-right\" data-align=\"right\">11.<\/td><td>Wiosenne Porz\u0105dki [Spring Cleaning] (K. Misiak)<br>feat. Piotr Kelm &#8211; violin, Zbigniew \u017buk &#8211; voice<\/td><td class=\"has-text-align-right\" data-align=\"right\">4:20<\/td><\/tr><tr><td><\/td><td class=\"has-text-align-right\" data-align=\"right\">total time<\/td><td class=\"has-text-align-right\" data-align=\"right\">52:45<\/td><\/tr><\/tbody><\/table><\/figure>\n\n\n\n<p>Wszystkie kompozycje &#8211; <strong>Krzysztof Misiak<\/strong>.<br>Copyright by ZAiKS, Poland.<\/p>\n\n\n\n<p><strong>Wykonawcy<\/strong>:<br><strong>Krzyszt of Misiak <\/strong>&#8211; gitary, bas, perkusja,<br>programowanie midi, klawisze, efekty, g\u0142os<br><strong>Pawe\u0142 Mielnik<\/strong> &#8211; edycja d\u017awi\u0119ku, edycja perkusji<br><strong>Zbigniew \u017buk<\/strong> (2,7,8,11) &#8211; g\u0142os<br><strong>Dave Latchaw<\/strong> (2) &#8211; solo syntezatorowe<br><strong>Krzysztof \u015aciera\u0144ski <\/strong>(8) &#8211; solo na suchym i syntezowanym basie<br><strong>Piotr Kelm <\/strong>(8,11) &#8211; skrzypce<br><strong>Bartosz \u0141\u0119czycki<\/strong> (4) &#8211; harfa<br><strong>Alicja \u0141ukaszewska <\/strong>(2) &#8211; g\u0142os<\/p>\n\n\n\n<p>Zdj\u0119cia &#8211; <strong>Dariusz Struga\u0142a<\/strong><br>Projekt ok\u0142adki, oprawa graficzna, przygotowanie multimedi\u00f3w<br>&#8211; <strong>Robert Parzychowski i \u0141ukasz Majcher (Media Profile)<\/strong><br>Miksy &#8211; <strong>Pawe\u0142 Mielnik<\/strong><br>Produkcja, edycja i &#8222;obr\u00f3bki&#8221; nagra\u0144:<br>od pa\u017adziernika 2007 do wrze\u015bnia 2008<br>w studiu domowym K-of-M i Wrzaskinia (P\u0142ock i Warszawa)<br>Produkcja &#8211; <strong>K-of-M<\/strong> i <strong>Pawe\u0142 Mielnik<\/strong><\/p>\n\n\n\n<p>P\u0142yta jest przedsi\u0119wzi\u0119ciem o charakterze multimedialnym (PC &amp; Mac). Po w\u0142o\u017ceniu jej do komputera znajdziecie na niej m.in. teledysk z utworem &#8222;Krzyszt of P\u0142ock&#8221; (z mozliwo\u015bci\u0105 pobrania go na telefon kom\u00f3rkowy).<\/p>\n","protected":false},"excerpt":{"rendered":"<p>1. Biuro Prezesa [Chairman\u2019s Office] (K. Misiak) 5:47 2. Kulturalny Weekend [Cultured Weekend] (K. Misiak)feat. Dave Latchaw &#8211; synthesizer solo,Zbigniew \u017buk &#8211; voice, Alicja \u0141ukaszewska &#8211; voice 4:26 3. M\u0119tny Deal [Murky Deal] (K. Misiak) 4:44 4. Ca\u0142owali si\u0119 na Tumskiej[They Were Kissing On Tumska Street] (K. Misiak)feat. Bartosz \u0141\u0119czycki &#8211; harp 4:07 5. Maszyna &hellip; <\/p>\n<p class=\"link-more\"><a href=\"https:\/\/kofm.pl\/?page_id=339\" class=\"more-link\">Czytaj dalej<span class=\"screen-reader-text\"> \u201eKrzyszt of Misiak &#8211; Wyj\u0105tkowo Kulturalny Weekend\u201d<\/span><\/a><\/p>\n","protected":false},"author":1,"featured_media":0,"parent":136,"menu_order":102,"comment_status":"closed","ping_status":"closed","template":"","meta":{"footnotes":""},"class_list":["post-339","page","type-page","status-publish","hentry"],"_links":{"self":[{"href":"https:\/\/kofm.pl\/index.php?rest_route=\/wp\/v2\/pages\/339","targetHints":{"allow":["GET"]}}],"collection":[{"href":"https:\/\/kofm.pl\/index.php?rest_route=\/wp\/v2\/pages"}],"about":[{"href":"https:\/\/kofm.pl\/index.php?rest_route=\/wp\/v2\/types\/page"}],"author":[{"embeddable":true,"href":"https:\/\/kofm.pl\/index.php?rest_route=\/wp\/v2\/users\/1"}],"replies":[{"embeddable":true,"href":"https:\/\/kofm.pl\/index.php?rest_route=%2Fwp%2Fv2%2Fcomments&post=339"}],"version-history":[{"count":12,"href":"https:\/\/kofm.pl\/index.php?rest_route=\/wp\/v2\/pages\/339\/revisions"}],"predecessor-version":[{"id":356,"href":"https:\/\/kofm.pl\/index.php?rest_route=\/wp\/v2\/pages\/339\/revisions\/356"}],"up":[{"embeddable":true,"href":"https:\/\/kofm.pl\/index.php?rest_route=\/wp\/v2\/pages\/136"}],"wp:attachment":[{"href":"https:\/\/kofm.pl\/index.php?rest_route=%2Fwp%2Fv2%2Fmedia&parent=339"}],"curies":[{"name":"wp","href":"https:\/\/api.w.org\/{rel}","templated":true}]}}